{"id":86,"date":"2020-09-03T13:20:42","date_gmt":"2020-09-03T11:20:42","guid":{"rendered":"https:\/\/www.section-aero.fr\/?page_id=86"},"modified":"2020-09-03T13:30:01","modified_gmt":"2020-09-03T11:30:01","slug":"cours","status":"publish","type":"page","link":"https:\/\/www.section-aero.fr\/index.php\/cours\/","title":{"rendered":"Cours"},"content":{"rendered":"","protected":true},"excerpt":{"rendered":"","protected":true},"author":2,"featured_media":0,"parent":0,"menu_order":0,"comment_status":"closed","ping_status":"closed","template":"","meta":{"footnotes":""},"class_list":["post-86","page","type-page","status-publish","post-password-required","hentry"],"yoast_head":"<!-- This site is optimized with the Yoast SEO plugin v27.5 - https:\/\/yoast.com\/product\/yoast-seo-wordpress\/ -->\n<title>Cours - Section d&#039;Initiation A\u00e9ronautique<\/title>\n<meta name=\"robots\" content=\"index, follow, max-snippet:-1, max-image-preview:large, max-video-preview:-1\" \/>\n<link rel=\"canonical\" href=\"https:\/\/www.section-aero.fr\/index.php\/cours\/\" \/>\n<meta property=\"og:locale\" content=\"fr_FR\" \/>\n<meta property=\"og:type\" content=\"article\" \/>\n<meta property=\"og:title\" content=\"Cours - Section d&#039;Initiation A\u00e9ronautique\" \/>\n<meta property=\"og:description\" content=\"Il n\u2019y a pas d\u2019extrait, car cette publication est prot\u00e9g\u00e9e.\" \/>\n<meta property=\"og:url\" content=\"https:\/\/www.section-aero.fr\/index.php\/cours\/\" \/>\n<meta property=\"og:site_name\" content=\"Section d&#039;Initiation A\u00e9ronautique\" \/>\n<meta property=\"article:publisher\" content=\"https:\/\/www.facebook.com\/sectionaero\" \/>\n<meta property=\"article:modified_time\" content=\"2020-09-03T11:30:01+00:00\" \/>\n<meta name=\"twitter:card\" content=\"summary_large_image\" \/>\n<script type=\"application\/ld+json\" class=\"yoast-schema-graph\">{\"@context\":\"https:\\\/\\\/schema.org\",\"@graph\":[{\"@type\":\"WebPage\",\"@id\":\"https:\\\/\\\/www.section-aero.fr\\\/index.php\\\/cours\\\/\",\"url\":\"https:\\\/\\\/www.section-aero.fr\\\/index.php\\\/cours\\\/\",\"name\":\"Cours - Section d&#039;Initiation A\u00e9ronautique\",\"isPartOf\":{\"@id\":\"https:\\\/\\\/www.section-aero.fr\\\/#website\"},\"datePublished\":\"2020-09-03T11:20:42+00:00\",\"dateModified\":\"2020-09-03T11:30:01+00:00\",\"breadcrumb\":{\"@id\":\"https:\\\/\\\/www.section-aero.fr\\\/index.php\\\/cours\\\/#breadcrumb\"},\"inLanguage\":\"fr-FR\"},{\"@type\":\"WebSite\",\"@id\":\"https:\\\/\\\/www.section-aero.fr\\\/#website\",\"url\":\"https:\\\/\\\/www.section-aero.fr\\\/\",\"name\":\"Section d'Initiation A\u00e9ronautique\",\"description\":\"D\u00e9couvrez l&#039;a\u00e9ronautique en classe de 2nde au Lyc\u00e9e Jean Dupuy\",\"potentialAction\":[{\"@type\":\"SearchAction\",\"target\":{\"@type\":\"EntryPoint\",\"urlTemplate\":\"https:\\\/\\\/www.section-aero.fr\\\/?s={search_term_string}\"},\"query-input\":{\"@type\":\"PropertyValueSpecification\",\"valueRequired\":true,\"valueName\":\"search_term_string\"}}],\"inLanguage\":\"fr-FR\"}]}<\/script>\n<!-- \/ Yoast SEO plugin. -->","yoast_head_json":{"title":"Cours - Section d&#039;Initiation A\u00e9ronautique","robots":{"index":"index","follow":"follow","max-snippet":"max-snippet:-1","max-image-preview":"max-image-preview:large","max-video-preview":"max-video-preview:-1"},"canonical":"https:\/\/www.section-aero.fr\/index.php\/cours\/","og_locale":"fr_FR","og_type":"article","og_title":"Cours - Section d&#039;Initiation A\u00e9ronautique","og_description":"Il n\u2019y a pas d\u2019extrait, car cette publication est prot\u00e9g\u00e9e.","og_url":"https:\/\/www.section-aero.fr\/index.php\/cours\/","og_site_name":"Section d&#039;Initiation A\u00e9ronautique","article_publisher":"https:\/\/www.facebook.com\/sectionaero","article_modified_time":"2020-09-03T11:30:01+00:00","twitter_card":"summary_large_image","schema":{"@context":"https:\/\/schema.org","@graph":[{"@type":"WebPage","@id":"https:\/\/www.section-aero.fr\/index.php\/cours\/","url":"https:\/\/www.section-aero.fr\/index.php\/cours\/","name":"Cours - Section d&#039;Initiation A\u00e9ronautique","isPartOf":{"@id":"https:\/\/www.section-aero.fr\/#website"},"datePublished":"2020-09-03T11:20:42+00:00","dateModified":"2020-09-03T11:30:01+00:00","breadcrumb":{"@id":"https:\/\/www.section-aero.fr\/index.php\/cours\/#breadcrumb"},"inLanguage":"fr-FR"},{"@type":"WebSite","@id":"https:\/\/www.section-aero.fr\/#website","url":"https:\/\/www.section-aero.fr\/","name":"Section d'Initiation A\u00e9ronautique","description":"D\u00e9couvrez l&#039;a\u00e9ronautique en classe de 2nde au Lyc\u00e9e Jean Dupuy","potentialAction":[{"@type":"SearchAction","target":{"@type":"EntryPoint","urlTemplate":"https:\/\/www.section-aero.fr\/?s={search_term_string}"},"query-input":{"@type":"PropertyValueSpecification","valueRequired":true,"valueName":"search_term_string"}}],"inLanguage":"fr-FR"}]}},"_links":{"self":[{"href":"https:\/\/www.section-aero.fr\/index.php\/wp-json\/wp\/v2\/pages\/86","targetHints":{"allow":["GET"]}}],"collection":[{"href":"https:\/\/www.section-aero.fr\/index.php\/wp-json\/wp\/v2\/pages"}],"about":[{"href":"https:\/\/www.section-aero.fr\/index.php\/wp-json\/wp\/v2\/types\/page"}],"author":[{"embeddable":true,"href":"https:\/\/www.section-aero.fr\/index.php\/wp-json\/wp\/v2\/users\/2"}],"replies":[{"embeddable":true,"href":"https:\/\/www.section-aero.fr\/index.php\/wp-json\/wp\/v2\/comments?post=86"}],"version-history":[{"count":3,"href":"https:\/\/www.section-aero.fr\/index.php\/wp-json\/wp\/v2\/pages\/86\/revisions"}],"predecessor-version":[{"id":120,"href":"https:\/\/www.section-aero.fr\/index.php\/wp-json\/wp\/v2\/pages\/86\/revisions\/120"}],"wp:attachment":[{"href":"https:\/\/www.section-aero.fr\/index.php\/wp-json\/wp\/v2\/media?parent=86"}],"curies":[{"name":"wp","href":"https:\/\/api.w.org\/{rel}","templated":true}]}}