{"id":28,"date":"2018-02-21T21:29:59","date_gmt":"2018-02-21T20:29:59","guid":{"rendered":"http:\/\/www.section-aero.fr\/?page_id=28"},"modified":"2018-02-21T23:18:11","modified_gmt":"2018-02-21T22:18:11","slug":"passer-le-bia","status":"publish","type":"page","link":"https:\/\/www.section-aero.fr\/index.php\/passer-le-bia\/","title":{"rendered":"Passer le BIA"},"content":{"rendered":"<p>En fin d&rsquo;ann\u00e9e, les \u00e9l\u00e8ves passent le BIA (Brevet d&rsquo;Initiation A\u00e9ronautique). Un QCM, forme d&rsquo;examen qu&rsquo;on retrouve jusqu&rsquo;\u00e0 a partie th\u00e9orique de la licence de pilote de ligne, de 100 questions sur cinq th\u00e8mes en 2h30 :<sup id=\"cite_ref-3\" class=\"reference\"><\/sup><\/p>\n<ul>\n<li>m\u00e9t\u00e9orologie et a\u00e9rologie<\/li>\n<li><a title=\"A\u00e9rodynamique\" href=\"https:\/\/fr.wikipedia.org\/wiki\/A%C3%A9rodynamique\">a\u00e9rodynamique<\/a>, a\u00e9rostatique et principes du vol\u00a0;<\/li>\n<li><a title=\"M\u00e9t\u00e9orologie\" href=\"https:\/\/fr.wikipedia.org\/wiki\/M%C3%A9t%C3%A9orologie\">\u00e9tude des a\u00e9ronefs et des engins spatiaux<\/a>\u00a0;<\/li>\n<li><a class=\"mw-redirect\" title=\"R\u00e8glementation\" href=\"https:\/\/fr.wikipedia.org\/wiki\/R%C3%A8glementation\">r\u00e9glementation<\/a>,\u00a0<a title=\"Navigation\" href=\"https:\/\/fr.wikipedia.org\/wiki\/Navigation\">navigation<\/a>\u00a0et s\u00e9curit\u00e9 des vols\u00a0;<\/li>\n<li><a title=\"Cat\u00e9gorie:Histoire de l'a\u00e9ronautique\" href=\"https:\/\/fr.wikipedia.org\/wiki\/Cat%C3%A9gorie:Histoire_de_l%27a%C3%A9ronautique\">histoire et culture de l&rsquo;a\u00e9ronautique<\/a>\u00a0et du spatial.<\/li>\n<\/ul>\n<p>Une \u00e9preuve facultative de 20 points, portant sur l&rsquo;anglais a\u00e9ronautique<a title=\"Vol \u00e0 voile\" href=\"https:\/\/fr.wikipedia.org\/wiki\/Vol_%C3%A0_voile\">,<\/a>\u00a0est \u00e9galement propos\u00e9e aux candidats.<\/p>\n<p>Le BIA permet d&rsquo;obtenir des bourses<span style=\"font-size: 1rem;\">\u00a0sp\u00e9cifiques pour apprendre \u00e0 piloter, en avion ou en planeur. Et au-del\u00e0 le BIA permet d&rsquo;attester un <\/span>int\u00e9r\u00eat<span style=\"font-size: 1rem;\">\u00a0et une connaissance r\u00e9elle de l&rsquo;a\u00e9ronautique lors d&rsquo;entretiens, comme les s\u00e9lections militaires, et de concours comme <\/span>l\u2019entr\u00e9e \u00e0 l\u2019ENAC.<\/p>\n","protected":false},"excerpt":{"rendered":"<p>En fin d&rsquo;ann\u00e9e, les \u00e9l\u00e8ves passent le BIA (Brevet d&rsquo;Initiation A\u00e9ronautique). Un QCM, forme d&rsquo;examen qu&rsquo;on retrouve jusqu&rsquo;\u00e0 a partie th\u00e9orique de la licence de pilote de ligne, de 100 questions sur cinq th\u00e8mes en 2h30 : m\u00e9t\u00e9orologie et a\u00e9rologie a\u00e9rodynamique, a\u00e9rostatique et principes du vol\u00a0; \u00e9tude des a\u00e9ronefs et des engins spatiaux\u00a0; r\u00e9glementation,\u00a0navigation\u00a0et s\u00e9curit\u00e9 &hellip; <\/p>\n<p class=\"link-more\"><a href=\"https:\/\/www.section-aero.fr\/index.php\/passer-le-bia\/\" class=\"more-link\">Continuer la lecture<span class=\"screen-reader-text\"> de &laquo;&nbsp;Passer le BIA&nbsp;&raquo;<\/span><\/a><\/p>\n","protected":false},"author":1,"featured_media":42,"parent":0,"menu_order":0,"comment_status":"closed","ping_status":"closed","template":"","meta":{"footnotes":""},"class_list":["post-28","page","type-page","status-publish","has-post-thumbnail","hentry"],"yoast_head":"<!-- This site is optimized with the Yoast SEO plugin v27.4 - https:\/\/yoast.com\/product\/yoast-seo-wordpress\/ -->\n<title>Passer le BIA - Section d&#039;Initiation A\u00e9ronautique<\/title>\n<meta name=\"robots\" content=\"index, follow, max-snippet:-1, max-image-preview:large, max-video-preview:-1\" \/>\n<link rel=\"canonical\" href=\"https:\/\/www.section-aero.fr\/index.php\/passer-le-bia\/\" \/>\n<meta property=\"og:locale\" content=\"fr_FR\" \/>\n<meta property=\"og:type\" content=\"article\" \/>\n<meta property=\"og:title\" content=\"Passer le BIA - Section d&#039;Initiation A\u00e9ronautique\" \/>\n<meta property=\"og:description\" content=\"En fin d&rsquo;ann\u00e9e, les \u00e9l\u00e8ves passent le BIA (Brevet d&rsquo;Initiation A\u00e9ronautique). Un QCM, forme d&rsquo;examen qu&rsquo;on retrouve jusqu&rsquo;\u00e0 a partie th\u00e9orique de la licence de pilote de ligne, de 100 questions sur cinq th\u00e8mes en 2h30 : m\u00e9t\u00e9orologie et a\u00e9rologie a\u00e9rodynamique, a\u00e9rostatique et principes du vol\u00a0; \u00e9tude des a\u00e9ronefs et des engins spatiaux\u00a0; r\u00e9glementation,\u00a0navigation\u00a0et s\u00e9curit\u00e9 &hellip; Continuer la lecture de &laquo;&nbsp;Passer le BIA&nbsp;&raquo;\" \/>\n<meta property=\"og:url\" content=\"https:\/\/www.section-aero.fr\/index.php\/passer-le-bia\/\" \/>\n<meta property=\"og:site_name\" content=\"Section d&#039;Initiation A\u00e9ronautique\" \/>\n<meta property=\"article:publisher\" content=\"https:\/\/www.facebook.com\/sectionaero\" \/>\n<meta property=\"article:modified_time\" content=\"2018-02-21T22:18:11+00:00\" \/>\n<meta property=\"og:image\" content=\"https:\/\/www.section-aero.fr\/wp-content\/uploads\/2018\/02\/bia.jpg\" \/>\n\t<meta property=\"og:image:width\" content=\"787\" \/>\n\t<meta property=\"og:image:height\" content=\"779\" \/>\n\t<meta property=\"og:image:type\" content=\"image\/jpeg\" \/>\n<meta name=\"twitter:card\" content=\"summary_large_image\" \/>\n<meta name=\"twitter:label1\" content=\"Dur\u00e9e de lecture estim\u00e9e\" \/>\n\t<meta name=\"twitter:data1\" content=\"1 minute\" \/>\n<script type=\"application\/ld+json\" class=\"yoast-schema-graph\">{\"@context\":\"https:\\\/\\\/schema.org\",\"@graph\":[{\"@type\":\"WebPage\",\"@id\":\"https:\\\/\\\/www.section-aero.fr\\\/index.php\\\/passer-le-bia\\\/\",\"url\":\"https:\\\/\\\/www.section-aero.fr\\\/index.php\\\/passer-le-bia\\\/\",\"name\":\"Passer le BIA - Section d&#039;Initiation A\u00e9ronautique\",\"isPartOf\":{\"@id\":\"https:\\\/\\\/www.section-aero.fr\\\/#website\"},\"primaryImageOfPage\":{\"@id\":\"https:\\\/\\\/www.section-aero.fr\\\/index.php\\\/passer-le-bia\\\/#primaryimage\"},\"image\":{\"@id\":\"https:\\\/\\\/www.section-aero.fr\\\/index.php\\\/passer-le-bia\\\/#primaryimage\"},\"thumbnailUrl\":\"https:\\\/\\\/www.section-aero.fr\\\/wp-content\\\/uploads\\\/2018\\\/02\\\/bia.jpg\",\"datePublished\":\"2018-02-21T20:29:59+00:00\",\"dateModified\":\"2018-02-21T22:18:11+00:00\",\"breadcrumb\":{\"@id\":\"https:\\\/\\\/www.section-aero.fr\\\/index.php\\\/passer-le-bia\\\/#breadcrumb\"},\"inLanguage\":\"fr-FR\",\"potentialAction\":[{\"@type\":\"ReadAction\",\"target\":[\"https:\\\/\\\/www.section-aero.fr\\\/index.php\\\/passer-le-bia\\\/\"]}]},{\"@type\":\"ImageObject\",\"inLanguage\":\"fr-FR\",\"@id\":\"https:\\\/\\\/www.section-aero.fr\\\/index.php\\\/passer-le-bia\\\/#primaryimage\",\"url\":\"https:\\\/\\\/www.section-aero.fr\\\/wp-content\\\/uploads\\\/2018\\\/02\\\/bia.jpg\",\"contentUrl\":\"https:\\\/\\\/www.section-aero.fr\\\/wp-content\\\/uploads\\\/2018\\\/02\\\/bia.jpg\",\"width\":787,\"height\":779},{\"@type\":\"BreadcrumbList\",\"@id\":\"https:\\\/\\\/www.section-aero.fr\\\/index.php\\\/passer-le-bia\\\/#breadcrumb\",\"itemListElement\":[{\"@type\":\"ListItem\",\"position\":1,\"name\":\"Accueil\",\"item\":\"https:\\\/\\\/www.section-aero.fr\\\/\"},{\"@type\":\"ListItem\",\"position\":2,\"name\":\"Passer le BIA\"}]},{\"@type\":\"WebSite\",\"@id\":\"https:\\\/\\\/www.section-aero.fr\\\/#website\",\"url\":\"https:\\\/\\\/www.section-aero.fr\\\/\",\"name\":\"Section d'Initiation A\u00e9ronautique\",\"description\":\"D\u00e9couvrez l&#039;a\u00e9ronautique en classe de 2nde au Lyc\u00e9e Jean Dupuy\",\"potentialAction\":[{\"@type\":\"SearchAction\",\"target\":{\"@type\":\"EntryPoint\",\"urlTemplate\":\"https:\\\/\\\/www.section-aero.fr\\\/?s={search_term_string}\"},\"query-input\":{\"@type\":\"PropertyValueSpecification\",\"valueRequired\":true,\"valueName\":\"search_term_string\"}}],\"inLanguage\":\"fr-FR\"}]}<\/script>\n<!-- \/ Yoast SEO plugin. -->","yoast_head_json":{"title":"Passer le BIA - Section d&#039;Initiation A\u00e9ronautique","robots":{"index":"index","follow":"follow","max-snippet":"max-snippet:-1","max-image-preview":"max-image-preview:large","max-video-preview":"max-video-preview:-1"},"canonical":"https:\/\/www.section-aero.fr\/index.php\/passer-le-bia\/","og_locale":"fr_FR","og_type":"article","og_title":"Passer le BIA - Section d&#039;Initiation A\u00e9ronautique","og_description":"En fin d&rsquo;ann\u00e9e, les \u00e9l\u00e8ves passent le BIA (Brevet d&rsquo;Initiation A\u00e9ronautique). Un QCM, forme d&rsquo;examen qu&rsquo;on retrouve jusqu&rsquo;\u00e0 a partie th\u00e9orique de la licence de pilote de ligne, de 100 questions sur cinq th\u00e8mes en 2h30 : m\u00e9t\u00e9orologie et a\u00e9rologie a\u00e9rodynamique, a\u00e9rostatique et principes du vol\u00a0; \u00e9tude des a\u00e9ronefs et des engins spatiaux\u00a0; r\u00e9glementation,\u00a0navigation\u00a0et s\u00e9curit\u00e9 &hellip; Continuer la lecture de &laquo;&nbsp;Passer le BIA&nbsp;&raquo;","og_url":"https:\/\/www.section-aero.fr\/index.php\/passer-le-bia\/","og_site_name":"Section d&#039;Initiation A\u00e9ronautique","article_publisher":"https:\/\/www.facebook.com\/sectionaero","article_modified_time":"2018-02-21T22:18:11+00:00","og_image":[{"width":787,"height":779,"url":"https:\/\/www.section-aero.fr\/wp-content\/uploads\/2018\/02\/bia.jpg","type":"image\/jpeg"}],"twitter_card":"summary_large_image","twitter_misc":{"Dur\u00e9e de lecture estim\u00e9e":"1 minute"},"schema":{"@context":"https:\/\/schema.org","@graph":[{"@type":"WebPage","@id":"https:\/\/www.section-aero.fr\/index.php\/passer-le-bia\/","url":"https:\/\/www.section-aero.fr\/index.php\/passer-le-bia\/","name":"Passer le BIA - Section d&#039;Initiation A\u00e9ronautique","isPartOf":{"@id":"https:\/\/www.section-aero.fr\/#website"},"primaryImageOfPage":{"@id":"https:\/\/www.section-aero.fr\/index.php\/passer-le-bia\/#primaryimage"},"image":{"@id":"https:\/\/www.section-aero.fr\/index.php\/passer-le-bia\/#primaryimage"},"thumbnailUrl":"https:\/\/www.section-aero.fr\/wp-content\/uploads\/2018\/02\/bia.jpg","datePublished":"2018-02-21T20:29:59+00:00","dateModified":"2018-02-21T22:18:11+00:00","breadcrumb":{"@id":"https:\/\/www.section-aero.fr\/index.php\/passer-le-bia\/#breadcrumb"},"inLanguage":"fr-FR","potentialAction":[{"@type":"ReadAction","target":["https:\/\/www.section-aero.fr\/index.php\/passer-le-bia\/"]}]},{"@type":"ImageObject","inLanguage":"fr-FR","@id":"https:\/\/www.section-aero.fr\/index.php\/passer-le-bia\/#primaryimage","url":"https:\/\/www.section-aero.fr\/wp-content\/uploads\/2018\/02\/bia.jpg","contentUrl":"https:\/\/www.section-aero.fr\/wp-content\/uploads\/2018\/02\/bia.jpg","width":787,"height":779},{"@type":"BreadcrumbList","@id":"https:\/\/www.section-aero.fr\/index.php\/passer-le-bia\/#breadcrumb","itemListElement":[{"@type":"ListItem","position":1,"name":"Accueil","item":"https:\/\/www.section-aero.fr\/"},{"@type":"ListItem","position":2,"name":"Passer le BIA"}]},{"@type":"WebSite","@id":"https:\/\/www.section-aero.fr\/#website","url":"https:\/\/www.section-aero.fr\/","name":"Section d'Initiation A\u00e9ronautique","description":"D\u00e9couvrez l&#039;a\u00e9ronautique en classe de 2nde au Lyc\u00e9e Jean Dupuy","potentialAction":[{"@type":"SearchAction","target":{"@type":"EntryPoint","urlTemplate":"https:\/\/www.section-aero.fr\/?s={search_term_string}"},"query-input":{"@type":"PropertyValueSpecification","valueRequired":true,"valueName":"search_term_string"}}],"inLanguage":"fr-FR"}]}},"_links":{"self":[{"href":"https:\/\/www.section-aero.fr\/index.php\/wp-json\/wp\/v2\/pages\/28","targetHints":{"allow":["GET"]}}],"collection":[{"href":"https:\/\/www.section-aero.fr\/index.php\/wp-json\/wp\/v2\/pages"}],"about":[{"href":"https:\/\/www.section-aero.fr\/index.php\/wp-json\/wp\/v2\/types\/page"}],"author":[{"embeddable":true,"href":"https:\/\/www.section-aero.fr\/index.php\/wp-json\/wp\/v2\/users\/1"}],"replies":[{"embeddable":true,"href":"https:\/\/www.section-aero.fr\/index.php\/wp-json\/wp\/v2\/comments?post=28"}],"version-history":[{"count":5,"href":"https:\/\/www.section-aero.fr\/index.php\/wp-json\/wp\/v2\/pages\/28\/revisions"}],"predecessor-version":[{"id":74,"href":"https:\/\/www.section-aero.fr\/index.php\/wp-json\/wp\/v2\/pages\/28\/revisions\/74"}],"wp:featuredmedia":[{"embeddable":true,"href":"https:\/\/www.section-aero.fr\/index.php\/wp-json\/wp\/v2\/media\/42"}],"wp:attachment":[{"href":"https:\/\/www.section-aero.fr\/index.php\/wp-json\/wp\/v2\/media?parent=28"}],"curies":[{"name":"wp","href":"https:\/\/api.w.org\/{rel}","templated":true}]}}